{"id":4209,"date":"2022-02-28T14:57:33","date_gmt":"2022-02-28T14:57:33","guid":{"rendered":"https:\/\/jalving.nl\/kontakt\/"},"modified":"2022-03-02T08:42:18","modified_gmt":"2022-03-02T08:42:18","slug":"kontakt","status":"publish","type":"page","link":"https:\/\/jalving.nl\/de\/kontakt\/","title":{"rendered":"Kontakt"},"content":{"rendered":"\t\t<div data-elementor-type=\"wp-page\" data-elementor-id=\"4209\" class=\"elementor elementor-4209 elementor-2246\" data-elementor-post-type=\"page\">\n\t\t\t\t\t\t<section class=\"elementor-section elementor-top-section elementor-element elementor-element-10da7f6 gridTemplate elementor-section-boxed elementor-section-height-default elementor-section-height-default\" data-id=\"10da7f6\" data-element_type=\"section\" data-e-type=\"section\" data-settings=\"{&quot;background_background&quot;:&quot;classic&quot;}\">\n\t\t\t\t\t\t\t<div class=\"elementor-background-overlay\"><\/div>\n\t\t\t\t\t\t\t<div class=\"elementor-container elementor-column-gap-default\">\n\t\t\t\t\t<div class=\"elementor-column elementor-col-50 elementor-top-column elementor-element elementor-element-4e901a6 d_1-6 t_1-8 m_1-2\" data-id=\"4e901a6\" data-element_type=\"column\" data-e-type=\"column\">\n\t\t\t<div class=\"elementor-widget-wrap elementor-element-populated\">\n\t\t\t\t\t\t<div class=\"elementor-element elementor-element-7692183 elementor-widget elementor-widget-heading\" data-id=\"7692183\" data-element_type=\"widget\" data-e-type=\"widget\" data-widget_type=\"heading.default\">\n\t\t\t\t<div class=\"elementor-widget-container\">\n\t\t\t\t\t<h1 class=\"elementor-heading-title elementor-size-default\">Frage oder Anmerkungen?<\/h1>\t\t\t\t<\/div>\n\t\t\t\t<\/div>\n\t\t\t\t<div class=\"elementor-element elementor-element-c6304cf elementor-widget elementor-widget-text-editor\" data-id=\"c6304cf\" data-element_type=\"widget\" data-e-type=\"widget\" data-widget_type=\"text-editor.default\">\n\t\t\t\t<div class=\"elementor-widget-container\">\n\t\t\t\t\t\t\t\t\t<p>M\u00f6chten Sie wissen, was wir f\u00fcr Sie als Privat- oder Gewerbekunden tun k\u00f6nnen, oder haben Sie noch andere Fragen? Wir beantworten sie gerne! <\/p>\n\t\t\t\t\t\t\t\t<\/div>\n\t\t\t\t<\/div>\n\t\t\t\t<section class=\"elementor-section elementor-inner-section elementor-element elementor-element-13755bd gridTemplate elementor-section-boxed elementor-section-height-default elementor-section-height-default\" data-id=\"13755bd\" data-element_type=\"section\" data-e-type=\"section\">\n\t\t\t\t\t\t<div class=\"elementor-container elementor-column-gap-default\">\n\t\t\t\t\t<div class=\"elementor-column elementor-col-25 elementor-inner-column elementor-element elementor-element-8f2f9f7 d_1-12 t_1-4 m_1-2\" data-id=\"8f2f9f7\" data-element_type=\"column\" data-e-type=\"column\">\n\t\t\t<div class=\"elementor-widget-wrap elementor-element-populated\">\n\t\t\t\t\t\t<div class=\"elementor-element elementor-element-0ecea65 elementor-widget elementor-widget-heading\" data-id=\"0ecea65\" data-element_type=\"widget\" data-e-type=\"widget\" data-widget_type=\"heading.default\">\n\t\t\t\t<div class=\"elementor-widget-container\">\n\t\t\t\t\t<span class=\"elementor-heading-title elementor-size-default\">Telefon<\/span>\t\t\t\t<\/div>\n\t\t\t\t<\/div>\n\t\t\t\t<div class=\"elementor-element elementor-element-3f793fc elementor-widget elementor-widget-button\" data-id=\"3f793fc\" data-element_type=\"widget\" data-e-type=\"widget\" data-widget_type=\"button.default\">\n\t\t\t\t<div class=\"elementor-widget-container\">\n\t\t\t\t\t\t\t\t\t<div class=\"elementor-button-wrapper\">\n\t\t\t\t\t<a class=\"elementor-button elementor-button-link elementor-size-sm\" href=\"tel:0031591688120\">\n\t\t\t\t\t\t<span class=\"elementor-button-content-wrapper\">\n\t\t\t\t\t\t\t\t\t<span class=\"elementor-button-text\">0591 688 120<\/span>\n\t\t\t\t\t<\/span>\n\t\t\t\t\t<\/a>\n\t\t\t\t<\/div>\n\t\t\t\t\t\t\t\t<\/div>\n\t\t\t\t<\/div>\n\t\t\t\t\t<\/div>\n\t\t<\/div>\n\t\t\t\t<div class=\"elementor-column elementor-col-25 elementor-inner-column elementor-element elementor-element-a8ae2cb d_1-12 t_5-8 m_1-2\" data-id=\"a8ae2cb\" data-element_type=\"column\" data-e-type=\"column\">\n\t\t\t<div class=\"elementor-widget-wrap elementor-element-populated\">\n\t\t\t\t\t\t<div class=\"elementor-element elementor-element-9dac06d elementor-widget elementor-widget-heading\" data-id=\"9dac06d\" data-element_type=\"widget\" data-e-type=\"widget\" data-widget_type=\"heading.default\">\n\t\t\t\t<div class=\"elementor-widget-container\">\n\t\t\t\t\t<span class=\"elementor-heading-title elementor-size-default\">E-mail<\/span>\t\t\t\t<\/div>\n\t\t\t\t<\/div>\n\t\t\t\t<div class=\"elementor-element elementor-element-b4ba390 elementor-widget elementor-widget-button\" data-id=\"b4ba390\" data-element_type=\"widget\" data-e-type=\"widget\" data-widget_type=\"button.default\">\n\t\t\t\t<div class=\"elementor-widget-container\">\n\t\t\t\t\t\t\t\t\t<div class=\"elementor-button-wrapper\">\n\t\t\t\t\t<a class=\"elementor-button elementor-button-link elementor-size-sm\" href=\"mailto:info@jalving.nl\">\n\t\t\t\t\t\t<span class=\"elementor-button-content-wrapper\">\n\t\t\t\t\t\t\t\t\t<span class=\"elementor-button-text\">info@jalving.nl<\/span>\n\t\t\t\t\t<\/span>\n\t\t\t\t\t<\/a>\n\t\t\t\t<\/div>\n\t\t\t\t\t\t\t\t<\/div>\n\t\t\t\t<\/div>\n\t\t\t\t\t<\/div>\n\t\t<\/div>\n\t\t\t\t<div class=\"elementor-column elementor-col-25 elementor-inner-column elementor-element elementor-element-9e26d12 d_1-12 t_1-4 m_1-2\" data-id=\"9e26d12\" data-element_type=\"column\" data-e-type=\"column\">\n\t\t\t<div class=\"elementor-widget-wrap elementor-element-populated\">\n\t\t\t\t\t\t<div class=\"elementor-element elementor-element-4243f85 elementor-widget elementor-widget-heading\" data-id=\"4243f85\" data-element_type=\"widget\" data-e-type=\"widget\" data-widget_type=\"heading.default\">\n\t\t\t\t<div class=\"elementor-widget-container\">\n\t\t\t\t\t<span class=\"elementor-heading-title elementor-size-default\">Anschrift<\/span>\t\t\t\t<\/div>\n\t\t\t\t<\/div>\n\t\t\t\t<div class=\"elementor-element elementor-element-deb05db elementor-widget elementor-widget-heading\" data-id=\"deb05db\" data-element_type=\"widget\" data-e-type=\"widget\" data-widget_type=\"heading.default\">\n\t\t\t\t<div class=\"elementor-widget-container\">\n\t\t\t\t\t<span class=\"elementor-heading-title elementor-size-default\">Roald Amundsenstraat 4 <br>\n7825 AT Emmen<\/span>\t\t\t\t<\/div>\n\t\t\t\t<\/div>\n\t\t\t\t\t<\/div>\n\t\t<\/div>\n\t\t\t\t<div class=\"elementor-column elementor-col-25 elementor-inner-column elementor-element elementor-element-6a1e704 d_1-12 t_5-8 m_1-2\" data-id=\"6a1e704\" data-element_type=\"column\" data-e-type=\"column\">\n\t\t\t<div class=\"elementor-widget-wrap elementor-element-populated\">\n\t\t\t\t\t\t<div class=\"elementor-element elementor-element-2295a46 elementor-widget elementor-widget-heading\" data-id=\"2295a46\" data-element_type=\"widget\" data-e-type=\"widget\" data-widget_type=\"heading.default\">\n\t\t\t\t<div class=\"elementor-widget-container\">\n\t\t\t\t\t<span class=\"elementor-heading-title elementor-size-default\">Handelsregisternummer:<\/span>\t\t\t\t<\/div>\n\t\t\t\t<\/div>\n\t\t\t\t<div class=\"elementor-element elementor-element-7990dc6 elementor-widget elementor-widget-heading\" data-id=\"7990dc6\" data-element_type=\"widget\" data-e-type=\"widget\" data-widget_type=\"heading.default\">\n\t\t\t\t<div class=\"elementor-widget-container\">\n\t\t\t\t\t<span class=\"elementor-heading-title elementor-size-default\">04068872<\/span>\t\t\t\t<\/div>\n\t\t\t\t<\/div>\n\t\t\t\t\t<\/div>\n\t\t<\/div>\n\t\t\t\t\t<\/div>\n\t\t<\/section>\n\t\t\t\t\t<\/div>\n\t\t<\/div>\n\t\t\t\t<div class=\"elementor-column elementor-col-50 elementor-top-column elementor-element elementor-element-8b33bab d_8-12 t_1-8 m_1-2\" data-id=\"8b33bab\" data-element_type=\"column\" data-e-type=\"column\">\n\t\t\t<div class=\"elementor-widget-wrap elementor-element-populated\">\n\t\t\t\t\t\t<div class=\"elementor-element elementor-element-5e58acd elementor-button-align-stretch elementor-widget elementor-widget-form\" data-id=\"5e58acd\" data-element_type=\"widget\" data-e-type=\"widget\" id=\"contact-form\" data-settings=\"{&quot;step_next_label&quot;:&quot;N\\u00e4chste&quot;,&quot;step_previous_label&quot;:&quot;Vorherige&quot;,&quot;button_width&quot;:&quot;100&quot;,&quot;step_type&quot;:&quot;number_text&quot;,&quot;step_icon_shape&quot;:&quot;circle&quot;}\" data-widget_type=\"form.default\">\n\t\t\t\t<div class=\"elementor-widget-container\">\n\t\t\t\t\t\t\t<form class=\"elementor-form\" method=\"post\" name=\"Contact Formulier\" aria-label=\"Contact Formulier\">\n\t\t\t<input type=\"hidden\" name=\"post_id\" value=\"4209\"\/>\n\t\t\t<input type=\"hidden\" name=\"form_id\" value=\"5e58acd\"\/>\n\t\t\t<input type=\"hidden\" name=\"referer_title\" value=\"Fragen Sie den Dachspezialisten | Jalving\" \/>\n\n\t\t\t\t\t\t\t<input type=\"hidden\" name=\"queried_id\" value=\"4209\"\/>\n\t\t\t\n\t\t\t<div class=\"elementor-form-fields-wrapper elementor-labels-above\">\n\t\t\t\t\t\t\t\t<div class=\"elementor-field-type-text elementor-field-group elementor-column elementor-field-group-volledigenaam elementor-col-100 elementor-field-required elementor-mark-required\">\n\t\t\t\t\t\t\t\t\t\t\t\t<label for=\"form-field-volledigenaam\" class=\"elementor-field-label\">\n\t\t\t\t\t\t\t\tVor- und Nachname*\t\t\t\t\t\t\t<\/label>\n\t\t\t\t\t\t\t\t\t\t\t\t\t\t<input size=\"1\" type=\"text\" name=\"form_fields[volledigenaam]\" id=\"form-field-volledigenaam\" class=\"elementor-field elementor-size-sm  elementor-field-textual\" required=\"required\">\n\t\t\t\t\t\t\t\t\t\t\t<\/div>\n\t\t\t\t\t\t\t\t<div class=\"elementor-field-type-text\">\n\t\t\t\t\t<input size=\"1\" type=\"text\" name=\"form_fields[field_72955d7]\" id=\"form-field-field_72955d7\" class=\"elementor-field elementor-size-sm \" style=\"display:none !important;\">\t\t\t\t<\/div>\n\t\t\t\t\t\t\t\t<div class=\"elementor-field-type-text elementor-field-group elementor-column elementor-field-group-email elementor-col-100 elementor-field-required elementor-mark-required\">\n\t\t\t\t\t\t\t\t\t\t\t\t<label for=\"form-field-email\" class=\"elementor-field-label\">\n\t\t\t\t\t\t\t\tE-mail\t\t\t\t\t\t\t<\/label>\n\t\t\t\t\t\t\t\t\t\t\t\t\t\t<input size=\"1\" type=\"text\" name=\"form_fields[email]\" id=\"form-field-email\" class=\"elementor-field elementor-size-sm  elementor-field-textual\" required=\"required\">\n\t\t\t\t\t\t\t\t\t\t\t<\/div>\n\t\t\t\t\t\t\t\t<div class=\"elementor-field-type-text elementor-field-group elementor-column elementor-field-group-telefoonnummer elementor-col-100 elementor-field-required elementor-mark-required\">\n\t\t\t\t\t\t\t\t\t\t\t\t<label for=\"form-field-telefoonnummer\" class=\"elementor-field-label\">\n\t\t\t\t\t\t\t\tTelefonnummer\t\t\t\t\t\t\t<\/label>\n\t\t\t\t\t\t\t\t\t\t\t\t\t\t<input size=\"1\" type=\"text\" name=\"form_fields[telefoonnummer]\" id=\"form-field-telefoonnummer\" class=\"elementor-field elementor-size-sm  elementor-field-textual\" required=\"required\">\n\t\t\t\t\t\t\t\t\t\t\t<\/div>\n\t\t\t\t\t\t\t\t<div class=\"elementor-field-type-textarea elementor-field-group elementor-column elementor-field-group-bericht elementor-col-100 elementor-field-required elementor-mark-required\">\n\t\t\t\t\t\t\t\t\t\t\t\t<label for=\"form-field-bericht\" class=\"elementor-field-label\">\n\t\t\t\t\t\t\t\tIhre Nachricht\t\t\t\t\t\t\t<\/label>\n\t\t\t\t\t\t<textarea class=\"elementor-field-textual elementor-field  elementor-size-sm\" name=\"form_fields[bericht]\" id=\"form-field-bericht\" rows=\"5\" required=\"required\"><\/textarea>\t\t\t\t<\/div>\n\t\t\t\t\t\t\t\t<div class=\"elementor-field-group elementor-column elementor-field-type-submit elementor-col-100 e-form__buttons\">\n\t\t\t\t\t<button class=\"elementor-button elementor-size-sm\" type=\"submit\">\n\t\t\t\t\t\t<span class=\"elementor-button-content-wrapper\">\n\t\t\t\t\t\t\t\t\t\t\t\t\t\t\t\t\t\t\t\t\t\t<span class=\"elementor-button-text\">Absenden<\/span>\n\t\t\t\t\t\t\t\t\t\t\t\t\t<\/span>\n\t\t\t\t\t<\/button>\n\t\t\t\t<\/div>\n\t\t\t<\/div>\n\t\t<\/form>\n\t\t\t\t\t\t<\/div>\n\t\t\t\t<\/div>\n\t\t\t\t<div class=\"elementor-element elementor-element-cb1c481 elementor-widget elementor-widget-html\" data-id=\"cb1c481\" data-element_type=\"widget\" data-e-type=\"widget\" data-widget_type=\"html.default\">\n\t\t\t\t<div class=\"elementor-widget-container\">\n\t\t\t\t\t<script>window.addEventListener('DOMContentLoaded', (event) => {\n\n    var allGroups = document.querySelectorAll('#contact-form .elementor-field-group');\n    \n    \n    var allInputs = document.querySelectorAll('#contact-form .elementor-field-group .elementor-field-textual');\n    \n    for (var i = 0; i <allInputs.length; i++){ allGroups[i].insertBefore(allInputs[i], allGroups[i].childNodes[0]); } }); <\/script>\t\t\t\t<\/div>\n\t\t\t\t<\/div>\n\t\t\t\t\t<\/div>\n\t\t<\/div>\n\t\t\t\t\t<\/div>\n\t\t<\/section>\n\t\t\t\t<section class=\"elementor-section elementor-top-section elementor-element elementor-element-fd39a5e elementor-section-full_width elementor-hidden-mobile elementor-section-height-default elementor-section-height-default\" data-id=\"fd39a5e\" data-element_type=\"section\" data-e-type=\"section\">\n\t\t\t\t\t\t<div class=\"elementor-container elementor-column-gap-default\">\n\t\t\t\t\t<div class=\"elementor-column elementor-col-100 elementor-top-column elementor-element elementor-element-e06d821\" data-id=\"e06d821\" data-element_type=\"column\" data-e-type=\"column\">\n\t\t\t<div class=\"elementor-widget-wrap elementor-element-populated\">\n\t\t\t\t\t\t<div class=\"elementor-element elementor-element-8e0c616 elementor-widget elementor-widget-google_maps\" data-id=\"8e0c616\" data-element_type=\"widget\" data-e-type=\"widget\" data-widget_type=\"google_maps.default\">\n\t\t\t\t<div class=\"elementor-widget-container\">\n\t\t\t\t\t\t\t<div class=\"elementor-custom-embed\">\n\t\t\t<iframe loading=\"lazy\"\n\t\t\t\t\tsrc=\"https:\/\/maps.google.com\/maps?q=jalving%20bv%20dakdekkersbedrijf&#038;t=m&#038;z=13&#038;output=embed&#038;iwloc=near\"\n\t\t\t\t\ttitle=\"jalving bv dakdekkersbedrijf\"\n\t\t\t\t\taria-label=\"jalving bv dakdekkersbedrijf\"\n\t\t\t><\/iframe>\n\t\t<\/div>\n\t\t\t\t\t\t<\/div>\n\t\t\t\t<\/div>\n\t\t\t\t\t<\/div>\n\t\t<\/div>\n\t\t\t\t\t<\/div>\n\t\t<\/section>\n\t\t\t\t<\/div>\n\t\t","protected":false},"excerpt":{"rendered":"<p>Frage oder Anmerkungen? M\u00f6chten Sie wissen, was wir f\u00fcr Sie als Privat- oder Gewerbekunden tun k\u00f6nnen, oder haben Sie noch andere Fragen? Wir beantworten sie gerne! Telefon 0591 688 120 E-mail info@jalving.nl Anschrift Roald Amundsenstraat 4 7825 AT Emmen Handelsregisternummer: 04068872<\/p>\n","protected":false},"author":1,"featured_media":0,"parent":0,"menu_order":0,"comment_status":"closed","ping_status":"closed","template":"","meta":{"footnotes":""},"class_list":["post-4209","page","type-page","status-publish","hentry"],"yoast_head":"<!-- This site is optimized with the Yoast SEO plugin v27.4 - https:\/\/yoast.com\/product\/yoast-seo-wordpress\/ -->\n<title>Fragen Sie den Dachspezialisten | Jalving<\/title>\n<meta name=\"description\" content=\"Neubaud\u00e4cher, Dachsanierungen, Instandhaltung und mehr! Sie erreichen uns unter +31591668120, info@jalving.nl oder \u00fcber das Kontaktformular.\" \/>\n<meta name=\"robots\" content=\"index, follow, max-snippet:-1, max-image-preview:large, max-video-preview:-1\" \/>\n<link rel=\"canonical\" href=\"https:\/\/jalving.nl\/de\/kontakt\/\" \/>\n<meta property=\"og:locale\" content=\"de_DE\" \/>\n<meta property=\"og:type\" content=\"article\" \/>\n<meta property=\"og:title\" content=\"Fragen Sie den Dachspezialisten | Jalving\" \/>\n<meta property=\"og:description\" content=\"Neubaud\u00e4cher, Dachsanierungen, Instandhaltung und mehr! Sie erreichen uns unter +31591668120, info@jalving.nl oder \u00fcber das Kontaktformular.\" \/>\n<meta property=\"og:url\" content=\"https:\/\/jalving.nl\/de\/kontakt\/\" \/>\n<meta property=\"og:site_name\" content=\"Dachdeckerbetrieb Jalving\" \/>\n<meta property=\"article:modified_time\" content=\"2022-03-02T08:42:18+00:00\" \/>\n<meta name=\"twitter:card\" content=\"summary_large_image\" \/>\n<script type=\"application\/ld+json\" class=\"yoast-schema-graph\">{\"@context\":\"https:\\\/\\\/schema.org\",\"@graph\":[{\"@type\":\"WebPage\",\"@id\":\"https:\\\/\\\/jalving.nl\\\/de\\\/kontakt\\\/\",\"url\":\"https:\\\/\\\/jalving.nl\\\/de\\\/kontakt\\\/\",\"name\":\"Fragen Sie den Dachspezialisten | Jalving\",\"isPartOf\":{\"@id\":\"https:\\\/\\\/jalving.nl\\\/de\\\/#website\"},\"datePublished\":\"2022-02-28T14:57:33+00:00\",\"dateModified\":\"2022-03-02T08:42:18+00:00\",\"description\":\"Neubaud\u00e4cher, Dachsanierungen, Instandhaltung und mehr! Sie erreichen uns unter +31591668120, info@jalving.nl oder \u00fcber das Kontaktformular.\",\"breadcrumb\":{\"@id\":\"https:\\\/\\\/jalving.nl\\\/de\\\/kontakt\\\/#breadcrumb\"},\"inLanguage\":\"de\",\"potentialAction\":[{\"@type\":\"ReadAction\",\"target\":[\"https:\\\/\\\/jalving.nl\\\/de\\\/kontakt\\\/\"]}]},{\"@type\":\"BreadcrumbList\",\"@id\":\"https:\\\/\\\/jalving.nl\\\/de\\\/kontakt\\\/#breadcrumb\",\"itemListElement\":[{\"@type\":\"ListItem\",\"position\":1,\"name\":\"Home\",\"item\":\"https:\\\/\\\/jalving.nl\\\/de\\\/home\\\/\"},{\"@type\":\"ListItem\",\"position\":2,\"name\":\"Kontakt\"}]},{\"@type\":\"WebSite\",\"@id\":\"https:\\\/\\\/jalving.nl\\\/de\\\/#website\",\"url\":\"https:\\\/\\\/jalving.nl\\\/de\\\/\",\"name\":\"Dachdeckerbetrieb Jalving\",\"description\":\"Ihr Spezialist f\u00fcr D\u00e4cher\",\"publisher\":{\"@id\":\"https:\\\/\\\/jalving.nl\\\/de\\\/#organization\"},\"potentialAction\":[{\"@type\":\"SearchAction\",\"target\":{\"@type\":\"EntryPoint\",\"urlTemplate\":\"https:\\\/\\\/jalving.nl\\\/de\\\/?s={search_term_string}\"},\"query-input\":{\"@type\":\"PropertyValueSpecification\",\"valueRequired\":true,\"valueName\":\"search_term_string\"}}],\"inLanguage\":\"de\"},{\"@type\":\"Organization\",\"@id\":\"https:\\\/\\\/jalving.nl\\\/de\\\/#organization\",\"name\":\"Roofing company Jalving\",\"url\":\"https:\\\/\\\/jalving.nl\\\/de\\\/\",\"logo\":{\"@type\":\"ImageObject\",\"inLanguage\":\"de\",\"@id\":\"https:\\\/\\\/jalving.nl\\\/de\\\/#\\\/schema\\\/logo\\\/image\\\/\",\"url\":\"https:\\\/\\\/jalving.nl\\\/wp-content\\\/uploads\\\/2021\\\/10\\\/LOGO-Fullcolor.svg\",\"contentUrl\":\"https:\\\/\\\/jalving.nl\\\/wp-content\\\/uploads\\\/2021\\\/10\\\/LOGO-Fullcolor.svg\",\"width\":197,\"height\":46,\"caption\":\"Roofing company Jalving\"},\"image\":{\"@id\":\"https:\\\/\\\/jalving.nl\\\/de\\\/#\\\/schema\\\/logo\\\/image\\\/\"}}]}<\/script>\n<!-- \/ Yoast SEO plugin. -->","yoast_head_json":{"title":"Fragen Sie den Dachspezialisten | Jalving","description":"Neubaud\u00e4cher, Dachsanierungen, Instandhaltung und mehr! Sie erreichen uns unter +31591668120, info@jalving.nl oder \u00fcber das Kontaktformular.","robots":{"index":"index","follow":"follow","max-snippet":"max-snippet:-1","max-image-preview":"max-image-preview:large","max-video-preview":"max-video-preview:-1"},"canonical":"https:\/\/jalving.nl\/de\/kontakt\/","og_locale":"de_DE","og_type":"article","og_title":"Fragen Sie den Dachspezialisten | Jalving","og_description":"Neubaud\u00e4cher, Dachsanierungen, Instandhaltung und mehr! Sie erreichen uns unter +31591668120, info@jalving.nl oder \u00fcber das Kontaktformular.","og_url":"https:\/\/jalving.nl\/de\/kontakt\/","og_site_name":"Dachdeckerbetrieb Jalving","article_modified_time":"2022-03-02T08:42:18+00:00","twitter_card":"summary_large_image","schema":{"@context":"https:\/\/schema.org","@graph":[{"@type":"WebPage","@id":"https:\/\/jalving.nl\/de\/kontakt\/","url":"https:\/\/jalving.nl\/de\/kontakt\/","name":"Fragen Sie den Dachspezialisten | Jalving","isPartOf":{"@id":"https:\/\/jalving.nl\/de\/#website"},"datePublished":"2022-02-28T14:57:33+00:00","dateModified":"2022-03-02T08:42:18+00:00","description":"Neubaud\u00e4cher, Dachsanierungen, Instandhaltung und mehr! Sie erreichen uns unter +31591668120, info@jalving.nl oder \u00fcber das Kontaktformular.","breadcrumb":{"@id":"https:\/\/jalving.nl\/de\/kontakt\/#breadcrumb"},"inLanguage":"de","potentialAction":[{"@type":"ReadAction","target":["https:\/\/jalving.nl\/de\/kontakt\/"]}]},{"@type":"BreadcrumbList","@id":"https:\/\/jalving.nl\/de\/kontakt\/#breadcrumb","itemListElement":[{"@type":"ListItem","position":1,"name":"Home","item":"https:\/\/jalving.nl\/de\/home\/"},{"@type":"ListItem","position":2,"name":"Kontakt"}]},{"@type":"WebSite","@id":"https:\/\/jalving.nl\/de\/#website","url":"https:\/\/jalving.nl\/de\/","name":"Dachdeckerbetrieb Jalving","description":"Ihr Spezialist f\u00fcr D\u00e4cher","publisher":{"@id":"https:\/\/jalving.nl\/de\/#organization"},"potentialAction":[{"@type":"SearchAction","target":{"@type":"EntryPoint","urlTemplate":"https:\/\/jalving.nl\/de\/?s={search_term_string}"},"query-input":{"@type":"PropertyValueSpecification","valueRequired":true,"valueName":"search_term_string"}}],"inLanguage":"de"},{"@type":"Organization","@id":"https:\/\/jalving.nl\/de\/#organization","name":"Roofing company Jalving","url":"https:\/\/jalving.nl\/de\/","logo":{"@type":"ImageObject","inLanguage":"de","@id":"https:\/\/jalving.nl\/de\/#\/schema\/logo\/image\/","url":"https:\/\/jalving.nl\/wp-content\/uploads\/2021\/10\/LOGO-Fullcolor.svg","contentUrl":"https:\/\/jalving.nl\/wp-content\/uploads\/2021\/10\/LOGO-Fullcolor.svg","width":197,"height":46,"caption":"Roofing company Jalving"},"image":{"@id":"https:\/\/jalving.nl\/de\/#\/schema\/logo\/image\/"}}]}},"_links":{"self":[{"href":"https:\/\/jalving.nl\/de\/wp-json\/wp\/v2\/pages\/4209","targetHints":{"allow":["GET"]}}],"collection":[{"href":"https:\/\/jalving.nl\/de\/wp-json\/wp\/v2\/pages"}],"about":[{"href":"https:\/\/jalving.nl\/de\/wp-json\/wp\/v2\/types\/page"}],"author":[{"embeddable":true,"href":"https:\/\/jalving.nl\/de\/wp-json\/wp\/v2\/users\/1"}],"replies":[{"embeddable":true,"href":"https:\/\/jalving.nl\/de\/wp-json\/wp\/v2\/comments?post=4209"}],"version-history":[{"count":2,"href":"https:\/\/jalving.nl\/de\/wp-json\/wp\/v2\/pages\/4209\/revisions"}],"predecessor-version":[{"id":4305,"href":"https:\/\/jalving.nl\/de\/wp-json\/wp\/v2\/pages\/4209\/revisions\/4305"}],"wp:attachment":[{"href":"https:\/\/jalving.nl\/de\/wp-json\/wp\/v2\/media?parent=4209"}],"curies":[{"name":"wp","href":"https:\/\/api.w.org\/{rel}","templated":true}]}}