{"id":4228,"date":"2022-03-01T08:33:37","date_gmt":"2022-03-01T08:33:37","guid":{"rendered":"https:\/\/jalving.nl\/?page_id=4228"},"modified":"2022-03-02T10:16:23","modified_gmt":"2022-03-02T10:16:23","slug":"datenschutzerklaerung-und-cookierichtlinie","status":"publish","type":"page","link":"https:\/\/jalving.nl\/de\/datenschutzerklaerung-und-cookierichtlinie\/","title":{"rendered":"Datenschutzerkl\u00e4rung und Cookierichtlinie"},"content":{"rendered":"\t\t<div data-elementor-type=\"wp-page\" data-elementor-id=\"4228\" class=\"elementor elementor-4228 elementor-358\" data-elementor-post-type=\"page\">\n\t\t\t\t\t\t<section class=\"elementor-section elementor-top-section elementor-element elementor-element-1ab882b gridTemplate elementor-reverse-mobile elementor-section-boxed elementor-section-height-default elementor-section-height-default\" data-id=\"1ab882b\" data-element_type=\"section\" data-e-type=\"section\">\n\t\t\t\t\t\t<div class=\"elementor-container elementor-column-gap-default\">\n\t\t\t\t\t<div class=\"elementor-column elementor-col-50 elementor-top-column elementor-element elementor-element-bb8b1da d_1-6 t_1-7 m_1-2\" data-id=\"bb8b1da\" data-element_type=\"column\" data-e-type=\"column\">\n\t\t\t<div class=\"elementor-widget-wrap elementor-element-populated\">\n\t\t\t\t\t\t<div class=\"elementor-element elementor-element-d477f4f elementor-widget elementor-widget-text-editor\" data-id=\"d477f4f\" data-element_type=\"widget\" data-e-type=\"widget\" data-widget_type=\"text-editor.default\">\n\t\t\t\t<div class=\"elementor-widget-container\">\n\t\t\t\t\t\t\t\t\t<h2>Datenschutzerkl\u00e4rung und Cookierichtlinie<\/h2><p>Die Dachdeckerei Jalving respektiert Ihre Privatsph\u00e4re und geht sorgsam und vertraulich mit Ihren personenbezogenen Daten um. In dieser Richtlinie erfahren Sie, wie die Dakdekkersbedrijf Jalving BV Ihre personenbezogenen Daten im Zusammenhang mit der Website www.jalving.nl verarbeitet.<\/p><h2>Warum verarbeiten wir personenbezogene Daten?<\/h2><p>Wir verarbeiten Ihre personenbezogenen Daten zu den folgenden Zwecken:<\/p><h5>Kontaktaufnahme<\/h5><p>Wir verarbeiten die personenbezogenen und sonstigen Daten, die Sie uns bei einer Kontaktaufnahme \u00fcber das Kontaktformular zukommen lassen.<\/p><h5>Angebotsanfrage<\/h5><p>Wenn Sie uns dazu auffordern, k\u00f6nnen wir Sie per E-Mail kontaktieren und Ihnen ein Angebot zusenden.<\/p><h5>Cookies<\/h5><p>Weiter unten in dieser Richtlinie erl\u00e4utern wir Ihnen, wie wir im Zusammenhang mit Cookies auf unserer Website Ihre personenbezogenen Daten verarbeiten.<\/p><h5>Rechtsgrundlagen f\u00fcr die Verarbeitung<\/h5><p>Rechtsgrundlage f\u00fcr die Verarbeitung Ihrer personenbezogenen Daten ist je nach Einzelfall i) die Notwendigkeit f\u00fcr den Abschluss und die Erf\u00fcllung des Vertrags oder ii) die Wahrung unserer gerechtfertigten Interessen. Wenn f\u00fcr die Verarbeitung Ihrer personenbezogenen Daten weder die Rechtsgrundlage der berechtigten Interessen noch die der Notwendigkeit f\u00fcr den Abschluss oder die Erf\u00fcllung des Vertrags oder eine andere in der Datenschutz-Grundverordnung genannte Rechtsgrundlage vorliegt, iii) bitten wir Sie um Ihre Einwilligung in die Verarbeitung Ihrer personenbezogenen Daten.<\/p><h2>Welche personenbezogenen Daten verarbeiten wir?<\/h2><p>Je nach Zweck verarbeiten wir die folgenden Kategorien personenbezogener Daten:<\/p><ul><li>Name<\/li><li>E-Mail-Adresse<\/li><li>Telefonnummer<\/li><\/ul><h2>Datenschutz<\/h2><p>Wir haben geeignete technische und organisatorischen Ma\u00dfnahmen ergriffen, um dem Verlust und der unrechtm\u00e4\u00dfigen Verarbeitung personenbezogener Daten vorzubeugen. So werden zum Beispiel personenbezogene Daten, die Sie in das Kontaktformular eintragen, gesichert \u00fcbertragen und in einem Rechenzentrum gespeichert. Diese personenbezogenen Daten werden nur mit Ihrer ausdr\u00fccklichen Zustimmung an Dritte weitergegeben.<\/p><h2>Aufbewahrungsfristen<\/h2><p>Wir speichern Ihre personenbezogenen Daten nicht l\u00e4nger, als es f\u00fcr die Zwecke, f\u00fcr die sie erhoben wurden, notwendig ist. Nach Erreichung der vorgegebenen Zwecke gilt eine Aufbewahrungsfrist von h\u00f6chstens 12 Monaten, um etwaige Nachfragen und Beschwerden bearbeiten zu k\u00f6nnen.<\/p><h2>Cookies<\/h2><p>Cookies sind kleine Textdateien, die von Websites verwendet werden k\u00f6nnen, um das Benutzererlebnis zu optimieren. Das Gesetz sieht vor, dass wir Cookies auf Ihrem Endger\u00e4t speichern d\u00fcrfen, wenn diese f\u00fcr die Nutzung der Website unbedingt erforderlich sind. F\u00fcr alle anderen Arten von Cookies ben\u00f6tigen wir Ihre Zustimmung. Diese Website nutzt verschiedene Arten von Cookies. Bestimmte Cookies werden von Diensten Dritter platziert, die auf unserer Website angeboten werden.<\/p><h2>Ihre Rechte<\/h2><p>Sie haben das Recht, Einsicht in Ihre personenbezogenen Daten zu nehmen sowie diese berichtigen oder l\u00f6schen zu lassen. Insofern die Verarbeitung auf Basis Ihrer Zustimmung erfolgt, haben Sie das Recht, Ihre Zustimmung jederzeit zu widerrufen. Sie haben laut Gesetz ferner jederzeit das Recht, gegen die Verarbeitung Ihrer personenbezogenen Daten Beschwerde bei der zust\u00e4ndigen Datenschutzbeh\u00f6rde einzulegen. Wir bearbeiten Ihr Anliegen grunds\u00e4tzlich innerhalb von vier Wochen.<\/p><h2>Kontaktdaten<\/h2><p>F\u00fcr die Beantwortung aller Fragen und die Bearbeitung Ihrer Anliegen bzw. Beschwerden im Zusammenhang mit der Verarbeitung Ihrer personenbezogenen Daten steht Ihnen unsere Serviceabteilung gerne unter<a href=\"mailto:info@jalving.nl\"> info@jalving.nl<\/a> zur Verf\u00fcgung.<\/p>\t\t\t\t\t\t\t\t<\/div>\n\t\t\t\t<\/div>\n\t\t\t\t\t<\/div>\n\t\t<\/div>\n\t\t\t\t<div class=\"elementor-column elementor-col-50 elementor-top-column elementor-element elementor-element-937024d d_8-12 t_6-8 elementor-hidden-tablet elementor-hidden-mobile\" data-id=\"937024d\" data-element_type=\"column\" data-e-type=\"column\">\n\t\t\t<div class=\"elementor-widget-wrap elementor-element-populated\">\n\t\t\t\t\t\t<section class=\"elementor-section elementor-inner-section elementor-element elementor-element-70fc7e6 elementor-section-boxed elementor-section-height-default elementor-section-height-default\" data-id=\"70fc7e6\" data-element_type=\"section\" data-e-type=\"section\" data-settings=\"{&quot;motion_fx_motion_fx_scrolling&quot;:&quot;yes&quot;,&quot;sticky&quot;:&quot;top&quot;,&quot;sticky_parent&quot;:&quot;yes&quot;,&quot;motion_fx_devices&quot;:[&quot;desktop&quot;,&quot;tablet&quot;,&quot;mobile&quot;],&quot;sticky_on&quot;:[&quot;desktop&quot;,&quot;tablet&quot;,&quot;mobile&quot;],&quot;sticky_offset&quot;:0,&quot;sticky_effects_offset&quot;:0,&quot;sticky_anchor_link_offset&quot;:0}\">\n\t\t\t\t\t\t<div class=\"elementor-container elementor-column-gap-default\">\n\t\t\t\t\t<div class=\"elementor-column elementor-col-100 elementor-inner-column elementor-element elementor-element-f282d7b d_7-12 t_6-8 m_1-2\" data-id=\"f282d7b\" data-element_type=\"column\" data-e-type=\"column\">\n\t\t\t<div class=\"elementor-widget-wrap elementor-element-populated\">\n\t\t\t\t\t\t<div class=\"elementor-element elementor-element-dcb4826 elementor-widget elementor-widget-table-of-contents\" data-id=\"dcb4826\" data-element_type=\"widget\" data-e-type=\"widget\" data-settings=\"{&quot;headings_by_tags&quot;:[&quot;h2&quot;],&quot;exclude_headings_by_selector&quot;:[],&quot;marker_view&quot;:&quot;numbers&quot;,&quot;no_headings_message&quot;:&quot;Es wurden keine \\u00dcberschriften auf dieser Seite gefunden.&quot;,&quot;hierarchical_view&quot;:&quot;yes&quot;,&quot;min_height&quot;:{&quot;unit&quot;:&quot;px&quot;,&quot;size&quot;:&quot;&quot;,&quot;sizes&quot;:[]},&quot;min_height_tablet&quot;:{&quot;unit&quot;:&quot;px&quot;,&quot;size&quot;:&quot;&quot;,&quot;sizes&quot;:[]},&quot;min_height_mobile&quot;:{&quot;unit&quot;:&quot;px&quot;,&quot;size&quot;:&quot;&quot;,&quot;sizes&quot;:[]}}\" data-widget_type=\"table-of-contents.default\">\n\t\t\t\t<div class=\"elementor-widget-container\">\n\t\t\t\t\t\t\t\t\t<div class=\"elementor-toc__header\">\n\t\t\t\t\t\t<h2 class=\"elementor-toc__header-title\">\n\t\t\t\tIndex\t\t\t<\/h2>\n\t\t\t\t\t\t\t\t<\/div>\n\t\t\t\t<div id=\"elementor-toc__dcb4826\" class=\"elementor-toc__body\">\n\t\t\t<div class=\"elementor-toc__spinner-container\">\n\t\t\t\t<svg class=\"elementor-toc__spinner eicon-animation-spin e-font-icon-svg e-eicon-loading\" aria-hidden=\"true\" viewBox=\"0 0 1000 1000\" xmlns=\"http:\/\/www.w3.org\/2000\/svg\"><path d=\"M500 975V858C696 858 858 696 858 500S696 142 500 142 142 304 142 500H25C25 237 238 25 500 25S975 237 975 500 763 975 500 975Z\"><\/path><\/svg>\t\t\t<\/div>\n\t\t<\/div>\n\t\t\t\t\t\t<\/div>\n\t\t\t\t<\/div>\n\t\t\t\t\t<\/div>\n\t\t<\/div>\n\t\t\t\t\t<\/div>\n\t\t<\/section>\n\t\t\t\t\t<\/div>\n\t\t<\/div>\n\t\t\t\t\t<\/div>\n\t\t<\/section>\n\t\t\t\t<\/div>\n\t\t","protected":false},"excerpt":{"rendered":"<p>Datenschutzerkl\u00e4rung und Cookierichtlinie Die Dachdeckerei Jalving respektiert Ihre Privatsph\u00e4re und geht sorgsam und vertraulich mit Ihren personenbezogenen Daten um. In dieser Richtlinie erfahren Sie, wie die Dakdekkersbedrijf Jalving BV Ihre personenbezogenen Daten im Zusammenhang mit der Website www.jalving.nl verarbeitet. Warum verarbeiten wir personenbezogene Daten? Wir verarbeiten Ihre personenbezogenen Daten zu den folgenden Zwecken: Kontaktaufnahme Wir [&hellip;]<\/p>\n","protected":false},"author":1,"featured_media":0,"parent":0,"menu_order":0,"comment_status":"closed","ping_status":"closed","template":"","meta":{"footnotes":""},"class_list":["post-4228","page","type-page","status-publish","hentry"],"yoast_head":"<!-- This site is optimized with the Yoast SEO plugin v27.4 - https:\/\/yoast.com\/product\/yoast-seo-wordpress\/ -->\n<title>Datenschutzerkl\u00e4rung und Cookierichtlinie - Dachdeckerbetrieb Jalving<\/title>\n<meta name=\"robots\" content=\"index, follow, max-snippet:-1, max-image-preview:large, max-video-preview:-1\" \/>\n<link rel=\"canonical\" href=\"https:\/\/jalving.nl\/de\/datenschutzerklaerung-und-cookierichtlinie\/\" \/>\n<meta property=\"og:locale\" content=\"de_DE\" \/>\n<meta property=\"og:type\" content=\"article\" \/>\n<meta property=\"og:title\" content=\"Datenschutzerkl\u00e4rung und Cookierichtlinie - Dachdeckerbetrieb Jalving\" \/>\n<meta property=\"og:description\" content=\"Datenschutzerkl\u00e4rung und Cookierichtlinie Die Dachdeckerei Jalving respektiert Ihre Privatsph\u00e4re und geht sorgsam und vertraulich mit Ihren personenbezogenen Daten um. In dieser Richtlinie erfahren Sie, wie die Dakdekkersbedrijf Jalving BV Ihre personenbezogenen Daten im Zusammenhang mit der Website www.jalving.nl verarbeitet. Warum verarbeiten wir personenbezogene Daten? Wir verarbeiten Ihre personenbezogenen Daten zu den folgenden Zwecken: Kontaktaufnahme Wir [&hellip;]\" \/>\n<meta property=\"og:url\" content=\"https:\/\/jalving.nl\/de\/datenschutzerklaerung-und-cookierichtlinie\/\" \/>\n<meta property=\"og:site_name\" content=\"Dachdeckerbetrieb Jalving\" \/>\n<meta property=\"article:modified_time\" content=\"2022-03-02T10:16:23+00:00\" \/>\n<meta name=\"twitter:card\" content=\"summary_large_image\" \/>\n<meta name=\"twitter:label1\" content=\"Gesch\u00e4tzte Lesezeit\" \/>\n\t<meta name=\"twitter:data1\" content=\"3\u00a0Minuten\" \/>\n<script type=\"application\/ld+json\" class=\"yoast-schema-graph\">{\"@context\":\"https:\\\/\\\/schema.org\",\"@graph\":[{\"@type\":\"WebPage\",\"@id\":\"https:\\\/\\\/jalving.nl\\\/de\\\/datenschutzerklaerung-und-cookierichtlinie\\\/\",\"url\":\"https:\\\/\\\/jalving.nl\\\/de\\\/datenschutzerklaerung-und-cookierichtlinie\\\/\",\"name\":\"Datenschutzerkl\u00e4rung und Cookierichtlinie - Dachdeckerbetrieb Jalving\",\"isPartOf\":{\"@id\":\"https:\\\/\\\/jalving.nl\\\/de\\\/#website\"},\"datePublished\":\"2022-03-01T08:33:37+00:00\",\"dateModified\":\"2022-03-02T10:16:23+00:00\",\"breadcrumb\":{\"@id\":\"https:\\\/\\\/jalving.nl\\\/de\\\/datenschutzerklaerung-und-cookierichtlinie\\\/#breadcrumb\"},\"inLanguage\":\"de\",\"potentialAction\":[{\"@type\":\"ReadAction\",\"target\":[\"https:\\\/\\\/jalving.nl\\\/de\\\/datenschutzerklaerung-und-cookierichtlinie\\\/\"]}]},{\"@type\":\"BreadcrumbList\",\"@id\":\"https:\\\/\\\/jalving.nl\\\/de\\\/datenschutzerklaerung-und-cookierichtlinie\\\/#breadcrumb\",\"itemListElement\":[{\"@type\":\"ListItem\",\"position\":1,\"name\":\"Home\",\"item\":\"https:\\\/\\\/jalving.nl\\\/de\\\/home\\\/\"},{\"@type\":\"ListItem\",\"position\":2,\"name\":\"Datenschutzerkl\u00e4rung und Cookierichtlinie\"}]},{\"@type\":\"WebSite\",\"@id\":\"https:\\\/\\\/jalving.nl\\\/de\\\/#website\",\"url\":\"https:\\\/\\\/jalving.nl\\\/de\\\/\",\"name\":\"Dachdeckerbetrieb Jalving\",\"description\":\"Ihr Spezialist f\u00fcr D\u00e4cher\",\"publisher\":{\"@id\":\"https:\\\/\\\/jalving.nl\\\/de\\\/#organization\"},\"potentialAction\":[{\"@type\":\"SearchAction\",\"target\":{\"@type\":\"EntryPoint\",\"urlTemplate\":\"https:\\\/\\\/jalving.nl\\\/de\\\/?s={search_term_string}\"},\"query-input\":{\"@type\":\"PropertyValueSpecification\",\"valueRequired\":true,\"valueName\":\"search_term_string\"}}],\"inLanguage\":\"de\"},{\"@type\":\"Organization\",\"@id\":\"https:\\\/\\\/jalving.nl\\\/de\\\/#organization\",\"name\":\"Roofing company Jalving\",\"url\":\"https:\\\/\\\/jalving.nl\\\/de\\\/\",\"logo\":{\"@type\":\"ImageObject\",\"inLanguage\":\"de\",\"@id\":\"https:\\\/\\\/jalving.nl\\\/de\\\/#\\\/schema\\\/logo\\\/image\\\/\",\"url\":\"https:\\\/\\\/jalving.nl\\\/wp-content\\\/uploads\\\/2021\\\/10\\\/LOGO-Fullcolor.svg\",\"contentUrl\":\"https:\\\/\\\/jalving.nl\\\/wp-content\\\/uploads\\\/2021\\\/10\\\/LOGO-Fullcolor.svg\",\"width\":197,\"height\":46,\"caption\":\"Roofing company Jalving\"},\"image\":{\"@id\":\"https:\\\/\\\/jalving.nl\\\/de\\\/#\\\/schema\\\/logo\\\/image\\\/\"}}]}<\/script>\n<!-- \/ Yoast SEO plugin. -->","yoast_head_json":{"title":"Datenschutzerkl\u00e4rung und Cookierichtlinie - Dachdeckerbetrieb Jalving","robots":{"index":"index","follow":"follow","max-snippet":"max-snippet:-1","max-image-preview":"max-image-preview:large","max-video-preview":"max-video-preview:-1"},"canonical":"https:\/\/jalving.nl\/de\/datenschutzerklaerung-und-cookierichtlinie\/","og_locale":"de_DE","og_type":"article","og_title":"Datenschutzerkl\u00e4rung und Cookierichtlinie - Dachdeckerbetrieb Jalving","og_description":"Datenschutzerkl\u00e4rung und Cookierichtlinie Die Dachdeckerei Jalving respektiert Ihre Privatsph\u00e4re und geht sorgsam und vertraulich mit Ihren personenbezogenen Daten um. In dieser Richtlinie erfahren Sie, wie die Dakdekkersbedrijf Jalving BV Ihre personenbezogenen Daten im Zusammenhang mit der Website www.jalving.nl verarbeitet. Warum verarbeiten wir personenbezogene Daten? Wir verarbeiten Ihre personenbezogenen Daten zu den folgenden Zwecken: Kontaktaufnahme Wir [&hellip;]","og_url":"https:\/\/jalving.nl\/de\/datenschutzerklaerung-und-cookierichtlinie\/","og_site_name":"Dachdeckerbetrieb Jalving","article_modified_time":"2022-03-02T10:16:23+00:00","twitter_card":"summary_large_image","twitter_misc":{"Gesch\u00e4tzte Lesezeit":"3\u00a0Minuten"},"schema":{"@context":"https:\/\/schema.org","@graph":[{"@type":"WebPage","@id":"https:\/\/jalving.nl\/de\/datenschutzerklaerung-und-cookierichtlinie\/","url":"https:\/\/jalving.nl\/de\/datenschutzerklaerung-und-cookierichtlinie\/","name":"Datenschutzerkl\u00e4rung und Cookierichtlinie - Dachdeckerbetrieb Jalving","isPartOf":{"@id":"https:\/\/jalving.nl\/de\/#website"},"datePublished":"2022-03-01T08:33:37+00:00","dateModified":"2022-03-02T10:16:23+00:00","breadcrumb":{"@id":"https:\/\/jalving.nl\/de\/datenschutzerklaerung-und-cookierichtlinie\/#breadcrumb"},"inLanguage":"de","potentialAction":[{"@type":"ReadAction","target":["https:\/\/jalving.nl\/de\/datenschutzerklaerung-und-cookierichtlinie\/"]}]},{"@type":"BreadcrumbList","@id":"https:\/\/jalving.nl\/de\/datenschutzerklaerung-und-cookierichtlinie\/#breadcrumb","itemListElement":[{"@type":"ListItem","position":1,"name":"Home","item":"https:\/\/jalving.nl\/de\/home\/"},{"@type":"ListItem","position":2,"name":"Datenschutzerkl\u00e4rung und Cookierichtlinie"}]},{"@type":"WebSite","@id":"https:\/\/jalving.nl\/de\/#website","url":"https:\/\/jalving.nl\/de\/","name":"Dachdeckerbetrieb Jalving","description":"Ihr Spezialist f\u00fcr D\u00e4cher","publisher":{"@id":"https:\/\/jalving.nl\/de\/#organization"},"potentialAction":[{"@type":"SearchAction","target":{"@type":"EntryPoint","urlTemplate":"https:\/\/jalving.nl\/de\/?s={search_term_string}"},"query-input":{"@type":"PropertyValueSpecification","valueRequired":true,"valueName":"search_term_string"}}],"inLanguage":"de"},{"@type":"Organization","@id":"https:\/\/jalving.nl\/de\/#organization","name":"Roofing company Jalving","url":"https:\/\/jalving.nl\/de\/","logo":{"@type":"ImageObject","inLanguage":"de","@id":"https:\/\/jalving.nl\/de\/#\/schema\/logo\/image\/","url":"https:\/\/jalving.nl\/wp-content\/uploads\/2021\/10\/LOGO-Fullcolor.svg","contentUrl":"https:\/\/jalving.nl\/wp-content\/uploads\/2021\/10\/LOGO-Fullcolor.svg","width":197,"height":46,"caption":"Roofing company Jalving"},"image":{"@id":"https:\/\/jalving.nl\/de\/#\/schema\/logo\/image\/"}}]}},"_links":{"self":[{"href":"https:\/\/jalving.nl\/de\/wp-json\/wp\/v2\/pages\/4228","targetHints":{"allow":["GET"]}}],"collection":[{"href":"https:\/\/jalving.nl\/de\/wp-json\/wp\/v2\/pages"}],"about":[{"href":"https:\/\/jalving.nl\/de\/wp-json\/wp\/v2\/types\/page"}],"author":[{"embeddable":true,"href":"https:\/\/jalving.nl\/de\/wp-json\/wp\/v2\/users\/1"}],"replies":[{"embeddable":true,"href":"https:\/\/jalving.nl\/de\/wp-json\/wp\/v2\/comments?post=4228"}],"version-history":[{"count":16,"href":"https:\/\/jalving.nl\/de\/wp-json\/wp\/v2\/pages\/4228\/revisions"}],"predecessor-version":[{"id":4335,"href":"https:\/\/jalving.nl\/de\/wp-json\/wp\/v2\/pages\/4228\/revisions\/4335"}],"wp:attachment":[{"href":"https:\/\/jalving.nl\/de\/wp-json\/wp\/v2\/media?parent=4228"}],"curies":[{"name":"wp","href":"https:\/\/api.w.org\/{rel}","templated":true}]}}