{"id":4283,"date":"2022-03-01T16:10:25","date_gmt":"2022-03-01T16:10:25","guid":{"rendered":"https:\/\/jalving.nl\/angebot-anfordern\/"},"modified":"2022-03-25T10:35:35","modified_gmt":"2022-03-25T10:35:35","slug":"angebot-anfordern","status":"publish","type":"page","link":"https:\/\/jalving.nl\/de\/angebot-anfordern\/","title":{"rendered":"Angebot anfordern"},"content":{"rendered":"\t\t<div data-elementor-type=\"wp-page\" data-elementor-id=\"4283\" class=\"elementor elementor-4283 elementor-2594\" data-elementor-post-type=\"page\">\n\t\t\t\t\t\t<section class=\"elementor-section elementor-top-section elementor-element elementor-element-a808add gridTemplate elementor-section-boxed elementor-section-height-default elementor-section-height-default\" data-id=\"a808add\" data-element_type=\"section\" data-e-type=\"section\" data-settings=\"{&quot;background_background&quot;:&quot;classic&quot;}\">\n\t\t\t\t\t\t<div class=\"elementor-container elementor-column-gap-default\">\n\t\t\t\t\t<div class=\"elementor-column elementor-col-100 elementor-top-column elementor-element elementor-element-9bc4e96 d_3-10 t_2-7 m_1-2\" data-id=\"9bc4e96\" data-element_type=\"column\" data-e-type=\"column\">\n\t\t\t<div class=\"elementor-widget-wrap elementor-element-populated\">\n\t\t\t\t\t\t<div class=\"elementor-element elementor-element-86daef5 elementor-widget elementor-widget-heading\" data-id=\"86daef5\" data-element_type=\"widget\" data-e-type=\"widget\" data-widget_type=\"heading.default\">\n\t\t\t\t<div class=\"elementor-widget-container\">\n\t\t\t\t\t<h2 class=\"elementor-heading-title elementor-size-default\">Erz\u00e4hlen Sie uns von Ihren Pl\u00e4nen<\/h2>\t\t\t\t<\/div>\n\t\t\t\t<\/div>\n\t\t\t\t<div class=\"elementor-element elementor-element-53e0b1e elementor-widget elementor-widget-text-editor\" data-id=\"53e0b1e\" data-element_type=\"widget\" data-e-type=\"widget\" data-widget_type=\"text-editor.default\">\n\t\t\t\t<div class=\"elementor-widget-container\">\n\t\t\t\t\t\t\t\t\t<p><span style=\"font-weight: 400;\">Planen Sie ein Neubauprojekt? Muss ein bestehendes Dach erneuert werden? Dann fordern Sie ein unverbindliches Angebot an. Wir unterbreiten Ihnen ein genau auf Ihre Vorstellungen und Bed\u00fcrfnisse zugeschnittenes Angebot.  <\/span><\/p>\n\t\t\t\t\t\t\t\t<\/div>\n\t\t\t\t<\/div>\n\t\t\t\t\t<\/div>\n\t\t<\/div>\n\t\t\t\t\t<\/div>\n\t\t<\/section>\n\t\t\t\t<section class=\"elementor-section elementor-top-section elementor-element elementor-element-731fb7f gridTemplate elementor-section-boxed elementor-section-height-default elementor-section-height-default\" data-id=\"731fb7f\" data-element_type=\"section\" data-e-type=\"section\">\n\t\t\t\t\t\t<div class=\"elementor-container elementor-column-gap-default\">\n\t\t\t\t\t<div class=\"elementor-column elementor-col-50 elementor-top-column elementor-element elementor-element-ab7370d d_4-9 t_1-8 m_1-2 jedv-enabled--yes\" data-id=\"ab7370d\" data-element_type=\"column\" data-e-type=\"column\">\n\t\t\t<div class=\"elementor-widget-wrap elementor-element-populated\">\n\t\t\t\t\t\t<div class=\"elementor-element elementor-element-199c757 jedv-enabled--yes elementor-widget elementor-widget-jet-engine-booking-form\" data-id=\"199c757\" data-element_type=\"widget\" data-e-type=\"widget\" id=\"offerte-form\" data-widget_type=\"jet-engine-booking-form.default\">\n\t\t\t\t<div class=\"elementor-widget-container\">\n\t\t\t\t\t<form  class=\"jet-form layout-column submit-type-ajax\" action=\"\/de\/wp-json\/wp\/v2\/pages\/4283?jet_engine_action=book&#038;nocache=1778673746\" method=\"POST\" data-form-id=\"4344\"><input class=\"jet-form__field hidden-field\" type=\"hidden\" name=\"_jet_engine_booking_form_id\" value=\"4344\" data-field-name=\"_jet_engine_booking_form_id\"><input class=\"jet-form__field hidden-field\" type=\"hidden\" name=\"_jet_engine_refer\" value=\"https:\/\/jalving.nl\/de\/wp-json\/wp\/v2\/pages\/4283\/\" data-field-name=\"_jet_engine_refer\"><div  class=\"jet-form-row jet-form-row--hidden\"><div class=\"jet-form-col jet-form-col-12  field-type-hidden  jet-form-field-container\" data-field=\"post_id\" data-conditional=\"false\"><input class=\"jet-form__field hidden-field\" type=\"hidden\" name=\"post_id\" value=\"4283\" data-field-name=\"post_id\"><\/div><\/div><div  class=\"jet-form-row jet-form-row--first-visible\"><div class=\"jet-form-col jet-form-col-12  field-type-heading  jet-form-field-container\" data-field=\"heading\" data-conditional=\"false\"><div class=\"jet-form__heading\">\n\t<span class=\"jet-form__label-text\" >Welche Leistungen m\u00f6chten Sie in Anspruch nehmen?<\/span>\n\t<\/div><\/div><\/div><div  class=\"jet-form-row\"><div class=\"jet-form-col jet-form-col-12  field-type-select  jet-form-field-container\" data-field=\"Dienst\" data-conditional=\"false\"><select  required=\"required\" name=\"Dienst\" data-field-name=\"Dienst\" id=\"Dienst\" data-default-val=\"\" class=\"jet-form__field select-field\"><option value=\"\" selected>W\u00e4hlen Sie einen Dienst aus<\/option><option value=\"Lichtkuppeln, Dachfenster und Dachausstiege f\u00fcr Privatkunden\" >Lichtkuppeln, Dachfenster und Dachausstiege f\u00fcr Privatkunden<\/option><option value=\"Dachd\u00e4mmung f\u00fcr Privatkunden\" >Dachd\u00e4mmung f\u00fcr Privatkunden<\/option><option value=\"Dachinstandhaltung f\u00fcr Privatkunden\" >Dachinstandhaltung f\u00fcr Privatkunden<\/option><option value=\"Dachreparatur f\u00fcr Privatkunden\" >Dachreparatur f\u00fcr Privatkunden<\/option><option value=\"Dachinspektion f\u00fcr Privatkunden\" >Dachinspektion f\u00fcr Privatkunden<\/option><option value=\"Neubaud\u00e4cher f\u00fcr Privatkunden\" >Neubaud\u00e4cher f\u00fcr Privatkunden<\/option><option value=\"Nachhaltige D\u00e4cher f\u00fcr Industrie- und Gewerbegeb\u00e4ude\" >Nachhaltige D\u00e4cher f\u00fcr Industrie- und Gewerbegeb\u00e4ude<\/option><option value=\"Dachinstandhaltung f\u00fcr Industrie- und Gewerbebauten\" >Dachinstandhaltung f\u00fcr Industrie- und Gewerbebauten<\/option><option value=\"Dachsanierung f\u00fcr Industrie und Gewerbe\" >Dachsanierung f\u00fcr Industrie und Gewerbe<\/option><option value=\"Industrie- und Gewerbeneubau\" >Industrie- und Gewerbeneubau<\/option><\/select><small class=\"jet-form__desc\"><span class=\"jet-form__desc-text\">Ist die gew\u00fcnschte Leistung nicht aufgef\u00fchrt? Oder m\u00f6chten Sie mehrere Leistungen in Anspruch nehmen? Dann w\u00e4hlen Sie einfach eine der Leistungen aus und beschreiben Sie weitere W\u00fcnsche im Textfeld. <\/span><\/small><\/div><\/div><div  class=\"jet-form-row\"><div class=\"jet-form-col jet-form-col-12  field-type-heading  jet-form-field-container\" data-field=\"heading\" data-conditional=\"false\"><div class=\"jet-form__heading\">\n\t<span class=\"jet-form__label-text\" >Ihre Kontaktdaten<\/span>\n\t<\/div><\/div><\/div><div  class=\"jet-form-row\"><div class=\"jet-form-col jet-form-col-12  field-type-text  jet-form-field-container\" data-field=\"volledige-naam\" data-conditional=\"false\"><div class=\"jet-form__label\">\n\t<span class=\"jet-form__label-text\" >Vor- und Nachname<span class=\"jet-form__required\">*<\/span><\/span>\n\t<\/div><input class=\"jet-form__field text-field \" value=\"\" required=\"required\" name=\"volledige-naam\" id=\"volledige-naam\" type=\"text\" data-field-name=\"volledige-naam\"><\/div><\/div><div  class=\"jet-form-row\"><div class=\"jet-form-col jet-form-col-12  field-type-text  jet-form-field-container\" data-field=\"email\" data-conditional=\"false\"><div class=\"jet-form__label\">\n\t<span class=\"jet-form__label-text\" >E-Mail-Adresse<span class=\"jet-form__required\">*<\/span><\/span>\n\t<\/div><input class=\"jet-form__field text-field \" value=\"\" required=\"required\" name=\"email\" id=\"email\" type=\"text\" data-field-name=\"email\"><\/div><\/div><div  class=\"jet-form-row\"><div class=\"jet-form-col jet-form-col-12  field-type-text  jet-form-field-container\" data-field=\"telefoonnummer\" data-conditional=\"false\"><div class=\"jet-form__label\">\n\t<span class=\"jet-form__label-text\" >Telefonnummer<span class=\"jet-form__required\">*<\/span><\/span>\n\t<\/div><input class=\"jet-form__field text-field \" value=\"\" required=\"required\" name=\"telefoonnummer\" id=\"telefoonnummer\" type=\"text\" data-field-name=\"telefoonnummer\"><\/div><\/div><div  class=\"jet-form-row\"><div class=\"jet-form-col jet-form-col-12  field-type-text  jet-form-field-container\" data-field=\"bedrijfsnaam\" data-conditional=\"false\"><div class=\"jet-form__label\">\n\t<span class=\"jet-form__label-text\" >Firma<\/span>\n\t<\/div><input class=\"jet-form__field text-field \" placeholder=\"Optioneel\" value=\"\" name=\"bedrijfsnaam\" id=\"bedrijfsnaam\" type=\"text\" data-field-name=\"bedrijfsnaam\"><\/div><\/div><div  class=\"jet-form-row\"><div class=\"jet-form-col jet-form-col-12  field-type-heading  jet-form-field-container\" data-field=\"heading\" data-conditional=\"false\"><div class=\"jet-form__heading\">\n\t<span class=\"jet-form__label-text\" >Wo befinden Sie sich?<\/span>\n\t<\/div><\/div><\/div><div  class=\"jet-form-row\"><div class=\"jet-form-col jet-form-col-6  field-type-text padding-mobile jet-form-field-container\" data-field=\"straatnaam\" data-conditional=\"false\"><div class=\"jet-form__label\">\n\t<span class=\"jet-form__label-text\" >Stra\u00dfe<span class=\"jet-form__required\">*<\/span><\/span>\n\t<\/div><input class=\"jet-form__field text-field \" value=\"\" required=\"required\" name=\"straatnaam\" id=\"straatnaam\" type=\"text\" data-field-name=\"straatnaam\"><\/div><div class=\"jet-form-col jet-form-col-4  field-type-text padding-mobile jet-form-field-container\" data-field=\"huisnummer\" data-conditional=\"false\"><div class=\"jet-form__label\">\n\t<span class=\"jet-form__label-text\" >Hausnummer<span class=\"jet-form__required\">*<\/span><\/span>\n\t<\/div><input class=\"jet-form__field text-field \" value=\"\" required=\"required\" name=\"huisnummer\" id=\"huisnummer\" type=\"text\" data-field-name=\"huisnummer\"><\/div><div class=\"jet-form-col jet-form-col-2  field-type-text  jet-form-field-container\" data-field=\"huisnummertoevoeging\" data-conditional=\"false\"><div class=\"jet-form__label\">\n\t<span class=\"jet-form__label-text\" >Adresszusatz<\/span>\n\t<\/div><input class=\"jet-form__field text-field \" placeholder=\"Optioneel\" value=\"\" name=\"huisnummertoevoeging\" id=\"huisnummertoevoeging\" type=\"text\" data-field-name=\"huisnummertoevoeging\"><\/div><\/div><div  class=\"jet-form-row\"><div class=\"jet-form-col jet-form-col-6  field-type-text padding-mobile jet-form-field-container\" data-field=\"postcode\" data-conditional=\"false\"><div class=\"jet-form__label\">\n\t<span class=\"jet-form__label-text\" >Postleitzahl<span class=\"jet-form__required\">*<\/span><\/span>\n\t<\/div><input class=\"jet-form__field text-field \" value=\"\" required=\"required\" name=\"postcode\" id=\"postcode\" type=\"text\" data-field-name=\"postcode\"><\/div><div class=\"jet-form-col jet-form-col-6  field-type-text  jet-form-field-container\" data-field=\"plaats\" data-conditional=\"false\"><div class=\"jet-form__label\">\n\t<span class=\"jet-form__label-text\" >Ort<span class=\"jet-form__required\">*<\/span><\/span>\n\t<\/div><input class=\"jet-form__field text-field \" value=\"\" required=\"required\" name=\"plaats\" id=\"plaats\" type=\"text\" data-field-name=\"plaats\"><\/div><\/div><div  class=\"jet-form-row\"><div class=\"jet-form-col jet-form-col-12  field-type-heading  jet-form-field-container\" data-field=\"heading\" data-conditional=\"false\"><div class=\"jet-form__heading\">\n\t<span class=\"jet-form__label-text\" >Gibt es noch andere Dinge, die Sie teilen m\u00f6chten?<\/span>\n\t<\/div><\/div><\/div><div  class=\"jet-form-row\"><div class=\"jet-form-col jet-form-col-12  field-type-textarea  jet-form-field-container\" data-field=\"bericht\" data-conditional=\"false\"><div class=\"jet-form__label\">\n\t<span class=\"jet-form__label-text\" >Ihre Nachricht<\/span>\n\t<\/div><textarea class=\"jet-form__field textarea-field\" placeholder=\"Optioneel\" name=\"bericht\" data-field-name=\"bericht\" id=\"bericht\"><\/textarea><\/div><\/div><div  class=\"jet-form-row\"><div class=\"jet-form-col jet-form-col-12  field-type-media  jet-form-field-container\" data-field=\"bestand\" data-conditional=\"false\"><div class=\"jet-form__label\">\n\t<span class=\"jet-form__label-text\" >M\u00f6chten Sie uns eine Datei schicken?<\/span>\n\t<\/div><div class=\"jet-engine-file-upload\">\n\t<div class=\"jet-engine-file-upload__content\">\n\t\t<div class=\"jet-engine-file-upload__loader\"><svg xmlns=\"http:\/\/www.w3.org\/2000\/svg\" width=\"38\" height=\"38\" viewBox=\"0 0 38 38\" stroke=\"#fff\"><g fill=\"none\" fill-rule=\"evenodd\"><g transform=\"translate(1 1)\" stroke-width=\"2\"><circle stroke-opacity=\".5\" cx=\"18\" cy=\"18\" r=\"18\"\/><path d=\"M36 18c0-9.94-8.06-18-18-18\" transform=\"rotate(137.826 18 18)\"><animateTransform attributeName=\"transform\" type=\"rotate\" from=\"0 18 18\" to=\"360 18 18\" dur=\"1s\" repeatCount=\"indefinite\"\/><\/path><\/g><\/g><\/svg><\/div>\t\t<div class=\"jet-engine-file-upload__files\"  data-args=\"{&quot;max_files&quot;:1,&quot;insert_attachment&quot;:false,&quot;value_format&quot;:&quot;url&quot;}\"><\/div>\n\t<\/div>\n\t<div class=\"jet-engine-file-upload__fields\">\n\t\t<input class=\"jet-form__field jet-engine-file-upload__value\" type=\"hidden\" name=\"bestand\" data-field-name=\"bestand\" value=\"\" >\n\t\t<input class=\"jet-form__field file-field jet-engine-file-upload__input\" name=\"bestand_input\" type=\"file\" data-form_id=\"4344\" data-field=\"bestand\" id=\"bestand\" data-max_size=\"134217728\">\n\t<\/div>\n\t<div class=\"jet-engine-file-upload__message\"><small>Maximum file size: 128 MB<\/small><\/div>\n\t<div class=\"jet-engine-file-upload__errors is-hidden\"><\/div>\n<\/div><\/div><\/div><div  class=\"jet-form-row jet-form-row--submit\"><div class=\"jet-form-col jet-form-col-12  field-type-submit  jet-form-field-container\" data-field=\"Submit\" data-conditional=\"false\"><div class=\"jet-form__submit-wrap\">\n\t\t<button class=\"jet-form__submit submit-type-ajax\" type=\"button\">Anfrage absenden<\/button>\n<\/div><\/div><\/div><input class=\"jet-form__field hidden-field\" type=\"hidden\" name=\"_jet_engine_nonce\" value=\"a3cf4e249b\" data-field-name=\"_jet_engine_nonce\"><\/form><div class=\"jet-form-messages-wrap\" data-form-id=\"4344\"><\/div>\t\t\t\t<\/div>\n\t\t\t\t<\/div>\n\t\t\t\t<div class=\"elementor-element elementor-element-93c08b7 elementor-widget elementor-widget-html\" data-id=\"93c08b7\" data-element_type=\"widget\" data-e-type=\"widget\" data-widget_type=\"html.default\">\n\t\t\t\t<div class=\"elementor-widget-container\">\n\t\t\t\t\t<script>\nwindow.addEventListener('DOMContentLoaded', (event) => {\n\n    var allGroups = document.querySelectorAll('#offerte-form .field-type-text, #offerte-form .field-type-textarea');\n    \n    \n    var allInputs = document.querySelectorAll('#offerte-form .text-field, #offerte-form .textarea-field');\n    \n    for (var i = 0; i < allInputs.length; i++){\n        allGroups[i].insertBefore(allInputs[i], allGroups[i].childNodes[0]);\n    }\n    \n            var uploadBtn = document.querySelector('input#bestand');\n            \n            var uploadLabel = document.querySelector('.field-type-media .jet-form__label-text');\n\n        \/\/ Upload cover image set attribute\n        uploadBtn.addEventListener(\"change\", function() {\n            \n            uploadLabel.innerHTML = uploadBtn.files.item(0).name;\n            \/\/ uploadBtn.setAttribute('data-atts', uploadBtn.files.item(0).name);\n        });\n\n    document.querySelector('.jet-engine-file-upload .jet-engine-file-upload__message small').innerHTML = '';\n\n\n\/\/ Script for sorting the options by bedrijven en particulieren\nfunction sortSelect(selElem) {\n      var tmpAry = new Array();\n      var tmpAryBedrijven = new Array();\n      var tmpAryParticulieren = new Array();\n      var tmpArySelecteer = new Array();\n      var tmpAryDivider = new Array();\n\n    for (var i = 0; i < selElem.options.length; i++) {\n        tmpArySelecteer[i] = new Array();\n        tmpAryBedrijven[i] = new Array();\n        tmpAryParticulieren[i] = new Array();\n\n        var optionName = selElem.options[i].text.toLowerCase();\n\n        if (optionName.includes('industrie')){\n            tmpAryBedrijven[i][0] = selElem.options[i].text;\n            tmpAryBedrijven[i][1] = selElem.options[i].value;\n        } else if (optionName.includes('privatkunden')){\n            tmpAryParticulieren[i][0] = selElem.options[i].text;\n            tmpAryParticulieren[i][1] = selElem.options[i].value;\n        } else if (optionName.includes('w\u00e4hlen')){\n            tmpArySelecteer[i][0] = selElem.options[i].text;\n            tmpArySelecteer[i][1] = selElem.options[i].value;\n        }\n        \n    }\n\n    tmpAryDivider[0] = new Array();\n    tmpAryDivider[0][0] = '--------------------------';\n    tmpAryDivider[0][1] = 'divider';\n\n    tmpAryBedrijven.sort();\n    tmpAryParticulieren.sort();\n\n    tmpAry = tmpArySelecteer.concat(tmpAryBedrijven, tmpAryDivider, tmpAryParticulieren);\n    var cleanArray = tmpAry.filter(function (el) {\n        if (el.length !== 0){\n            return el;\n        }\n      });\n    \/\/ console.log(cleanArray);\n\n    while (selElem.options.length > 0) {\n        selElem.options[0] = null;\n    }\n\n    for (var i = 0; i < cleanArray.length; i++) {\n        var op = new Option(cleanArray[i][0], cleanArray[i][1]);\n        selElem.options[i] = op;\n    }\n    return;\n}\n\nsortSelect(document.querySelector('#Dienst'));\n\nvar allNewOptions = document.querySelectorAll('#Dienst option');\nallNewOptions[0].disabled = true;\n\nfor (var i = 0; i < allNewOptions.length; i++){\n    if (allNewOptions[i].value.includes('divider')){\n        allNewOptions[i].disabled = true;\n    }\n}\n\n});\n\n    \n<\/script>\t\t\t\t<\/div>\n\t\t\t\t<\/div>\n\t\t\t\t\t<\/div>\n\t\t<\/div>\n\t\t\t\t\t<\/div>\n\t\t<\/section>\n\t\t\t\t<\/div>\n\t\t","protected":false},"excerpt":{"rendered":"<p>Erz\u00e4hlen Sie uns von Ihren Pl\u00e4nen Planen Sie ein Neubauprojekt? Muss ein bestehendes Dach erneuert werden? Dann fordern Sie ein unverbindliches Angebot an. Wir unterbreiten Ihnen ein genau auf Ihre Vorstellungen und Bed\u00fcrfnisse zugeschnittenes Angebot. Welche Leistungen m\u00f6chten Sie in Anspruch nehmen? W\u00e4hlen Sie einen Dienst ausRoof inspection for consumersRoof repairs for consumersRoof insulation for [&hellip;]<\/p>\n","protected":false},"author":4,"featured_media":0,"parent":0,"menu_order":0,"comment_status":"closed","ping_status":"closed","template":"","meta":{"footnotes":""},"class_list":["post-4283","page","type-page","status-publish","hentry"],"yoast_head":"<!-- This site is optimized with the Yoast SEO plugin v27.4 - https:\/\/yoast.com\/product\/yoast-seo-wordpress\/ -->\n<title>Welche Leistungen m\u00f6chten Sie in Anspruch nehmen? | Jalving<\/title>\n<meta name=\"description\" content=\"Planen Sie ein Neubauprojekt? Muss ein bestehendes Dach erneuert werden? Dann fordern Sie ein unverbindliches Angebot an.\" \/>\n<meta name=\"robots\" content=\"index, follow, max-snippet:-1, max-image-preview:large, max-video-preview:-1\" \/>\n<link rel=\"canonical\" href=\"https:\/\/jalving.nl\/de\/angebot-anfordern\/\" \/>\n<meta property=\"og:locale\" content=\"de_DE\" \/>\n<meta property=\"og:type\" content=\"article\" \/>\n<meta property=\"og:title\" content=\"Welche Leistungen m\u00f6chten Sie in Anspruch nehmen? | Jalving\" \/>\n<meta property=\"og:description\" content=\"Planen Sie ein Neubauprojekt? Muss ein bestehendes Dach erneuert werden? Dann fordern Sie ein unverbindliches Angebot an.\" \/>\n<meta property=\"og:url\" content=\"https:\/\/jalving.nl\/de\/angebot-anfordern\/\" \/>\n<meta property=\"og:site_name\" content=\"Dachdeckerbetrieb Jalving\" \/>\n<meta property=\"article:modified_time\" content=\"2022-03-25T10:35:35+00:00\" \/>\n<meta name=\"twitter:card\" content=\"summary_large_image\" \/>\n<meta name=\"twitter:label1\" content=\"Gesch\u00e4tzte Lesezeit\" \/>\n\t<meta name=\"twitter:data1\" content=\"2\u00a0Minuten\" \/>\n<script type=\"application\/ld+json\" class=\"yoast-schema-graph\">{\"@context\":\"https:\\\/\\\/schema.org\",\"@graph\":[{\"@type\":\"WebPage\",\"@id\":\"https:\\\/\\\/jalving.nl\\\/de\\\/angebot-anfordern\\\/\",\"url\":\"https:\\\/\\\/jalving.nl\\\/de\\\/angebot-anfordern\\\/\",\"name\":\"Welche Leistungen m\u00f6chten Sie in Anspruch nehmen? | Jalving\",\"isPartOf\":{\"@id\":\"https:\\\/\\\/jalving.nl\\\/de\\\/#website\"},\"datePublished\":\"2022-03-01T16:10:25+00:00\",\"dateModified\":\"2022-03-25T10:35:35+00:00\",\"description\":\"Planen Sie ein Neubauprojekt? Muss ein bestehendes Dach erneuert werden? Dann fordern Sie ein unverbindliches Angebot an.\",\"breadcrumb\":{\"@id\":\"https:\\\/\\\/jalving.nl\\\/de\\\/angebot-anfordern\\\/#breadcrumb\"},\"inLanguage\":\"de\",\"potentialAction\":[{\"@type\":\"ReadAction\",\"target\":[\"https:\\\/\\\/jalving.nl\\\/de\\\/angebot-anfordern\\\/\"]}]},{\"@type\":\"BreadcrumbList\",\"@id\":\"https:\\\/\\\/jalving.nl\\\/de\\\/angebot-anfordern\\\/#breadcrumb\",\"itemListElement\":[{\"@type\":\"ListItem\",\"position\":1,\"name\":\"Home\",\"item\":\"https:\\\/\\\/jalving.nl\\\/de\\\/home\\\/\"},{\"@type\":\"ListItem\",\"position\":2,\"name\":\"Angebot anfordern\"}]},{\"@type\":\"WebSite\",\"@id\":\"https:\\\/\\\/jalving.nl\\\/de\\\/#website\",\"url\":\"https:\\\/\\\/jalving.nl\\\/de\\\/\",\"name\":\"Dachdeckerbetrieb Jalving\",\"description\":\"Ihr Spezialist f\u00fcr D\u00e4cher\",\"publisher\":{\"@id\":\"https:\\\/\\\/jalving.nl\\\/de\\\/#organization\"},\"potentialAction\":[{\"@type\":\"SearchAction\",\"target\":{\"@type\":\"EntryPoint\",\"urlTemplate\":\"https:\\\/\\\/jalving.nl\\\/de\\\/?s={search_term_string}\"},\"query-input\":{\"@type\":\"PropertyValueSpecification\",\"valueRequired\":true,\"valueName\":\"search_term_string\"}}],\"inLanguage\":\"de\"},{\"@type\":\"Organization\",\"@id\":\"https:\\\/\\\/jalving.nl\\\/de\\\/#organization\",\"name\":\"Roofing company Jalving\",\"url\":\"https:\\\/\\\/jalving.nl\\\/de\\\/\",\"logo\":{\"@type\":\"ImageObject\",\"inLanguage\":\"de\",\"@id\":\"https:\\\/\\\/jalving.nl\\\/de\\\/#\\\/schema\\\/logo\\\/image\\\/\",\"url\":\"https:\\\/\\\/jalving.nl\\\/wp-content\\\/uploads\\\/2021\\\/10\\\/LOGO-Fullcolor.svg\",\"contentUrl\":\"https:\\\/\\\/jalving.nl\\\/wp-content\\\/uploads\\\/2021\\\/10\\\/LOGO-Fullcolor.svg\",\"width\":197,\"height\":46,\"caption\":\"Roofing company Jalving\"},\"image\":{\"@id\":\"https:\\\/\\\/jalving.nl\\\/de\\\/#\\\/schema\\\/logo\\\/image\\\/\"}}]}<\/script>\n<!-- \/ Yoast SEO plugin. -->","yoast_head_json":{"title":"Welche Leistungen m\u00f6chten Sie in Anspruch nehmen? | Jalving","description":"Planen Sie ein Neubauprojekt? Muss ein bestehendes Dach erneuert werden? Dann fordern Sie ein unverbindliches Angebot an.","robots":{"index":"index","follow":"follow","max-snippet":"max-snippet:-1","max-image-preview":"max-image-preview:large","max-video-preview":"max-video-preview:-1"},"canonical":"https:\/\/jalving.nl\/de\/angebot-anfordern\/","og_locale":"de_DE","og_type":"article","og_title":"Welche Leistungen m\u00f6chten Sie in Anspruch nehmen? | Jalving","og_description":"Planen Sie ein Neubauprojekt? Muss ein bestehendes Dach erneuert werden? Dann fordern Sie ein unverbindliches Angebot an.","og_url":"https:\/\/jalving.nl\/de\/angebot-anfordern\/","og_site_name":"Dachdeckerbetrieb Jalving","article_modified_time":"2022-03-25T10:35:35+00:00","twitter_card":"summary_large_image","twitter_misc":{"Gesch\u00e4tzte Lesezeit":"2\u00a0Minuten"},"schema":{"@context":"https:\/\/schema.org","@graph":[{"@type":"WebPage","@id":"https:\/\/jalving.nl\/de\/angebot-anfordern\/","url":"https:\/\/jalving.nl\/de\/angebot-anfordern\/","name":"Welche Leistungen m\u00f6chten Sie in Anspruch nehmen? | Jalving","isPartOf":{"@id":"https:\/\/jalving.nl\/de\/#website"},"datePublished":"2022-03-01T16:10:25+00:00","dateModified":"2022-03-25T10:35:35+00:00","description":"Planen Sie ein Neubauprojekt? Muss ein bestehendes Dach erneuert werden? Dann fordern Sie ein unverbindliches Angebot an.","breadcrumb":{"@id":"https:\/\/jalving.nl\/de\/angebot-anfordern\/#breadcrumb"},"inLanguage":"de","potentialAction":[{"@type":"ReadAction","target":["https:\/\/jalving.nl\/de\/angebot-anfordern\/"]}]},{"@type":"BreadcrumbList","@id":"https:\/\/jalving.nl\/de\/angebot-anfordern\/#breadcrumb","itemListElement":[{"@type":"ListItem","position":1,"name":"Home","item":"https:\/\/jalving.nl\/de\/home\/"},{"@type":"ListItem","position":2,"name":"Angebot anfordern"}]},{"@type":"WebSite","@id":"https:\/\/jalving.nl\/de\/#website","url":"https:\/\/jalving.nl\/de\/","name":"Dachdeckerbetrieb Jalving","description":"Ihr Spezialist f\u00fcr D\u00e4cher","publisher":{"@id":"https:\/\/jalving.nl\/de\/#organization"},"potentialAction":[{"@type":"SearchAction","target":{"@type":"EntryPoint","urlTemplate":"https:\/\/jalving.nl\/de\/?s={search_term_string}"},"query-input":{"@type":"PropertyValueSpecification","valueRequired":true,"valueName":"search_term_string"}}],"inLanguage":"de"},{"@type":"Organization","@id":"https:\/\/jalving.nl\/de\/#organization","name":"Roofing company Jalving","url":"https:\/\/jalving.nl\/de\/","logo":{"@type":"ImageObject","inLanguage":"de","@id":"https:\/\/jalving.nl\/de\/#\/schema\/logo\/image\/","url":"https:\/\/jalving.nl\/wp-content\/uploads\/2021\/10\/LOGO-Fullcolor.svg","contentUrl":"https:\/\/jalving.nl\/wp-content\/uploads\/2021\/10\/LOGO-Fullcolor.svg","width":197,"height":46,"caption":"Roofing company Jalving"},"image":{"@id":"https:\/\/jalving.nl\/de\/#\/schema\/logo\/image\/"}}]}},"_links":{"self":[{"href":"https:\/\/jalving.nl\/de\/wp-json\/wp\/v2\/pages\/4283","targetHints":{"allow":["GET"]}}],"collection":[{"href":"https:\/\/jalving.nl\/de\/wp-json\/wp\/v2\/pages"}],"about":[{"href":"https:\/\/jalving.nl\/de\/wp-json\/wp\/v2\/types\/page"}],"author":[{"embeddable":true,"href":"https:\/\/jalving.nl\/de\/wp-json\/wp\/v2\/users\/4"}],"replies":[{"embeddable":true,"href":"https:\/\/jalving.nl\/de\/wp-json\/wp\/v2\/comments?post=4283"}],"version-history":[{"count":10,"href":"https:\/\/jalving.nl\/de\/wp-json\/wp\/v2\/pages\/4283\/revisions"}],"predecessor-version":[{"id":4650,"href":"https:\/\/jalving.nl\/de\/wp-json\/wp\/v2\/pages\/4283\/revisions\/4650"}],"wp:attachment":[{"href":"https:\/\/jalving.nl\/de\/wp-json\/wp\/v2\/media?parent=4283"}],"curies":[{"name":"wp","href":"https:\/\/api.w.org\/{rel}","templated":true}]}}